{"id":4224,"date":"2023-10-22T06:52:24","date_gmt":"2023-10-22T06:52:24","guid":{"rendered":"https:\/\/electio.ecom.themepreview.xyz\/home-three\/?post_type=product&#038;p=4224"},"modified":"2024-12-07T09:41:18","modified_gmt":"2024-12-07T09:41:18","slug":"bose-portable-speaker","status":"publish","type":"product","link":"https:\/\/reparairecicla.es\/tienda\/producto\/bose-portable-speaker\/","title":{"rendered":"Bose Portable Speaker"},"content":{"rendered":"<p><strong>Informaci\u00f3n<\/strong><\/p>\n<ul>\n<li><strong>Serie:<\/strong> Portable Speaker<\/li>\n<li><strong>Modelo:<\/strong> Bose Portable Speaker<\/li>\n<li><strong>Resoluci\u00f3n m\u00e1xima de audio:<\/strong> Alta calidad, con graves profundos y sonido 360\u00b0<\/li>\n<li><strong>Tama\u00f1o m\u00e1ximo de dispositivo:<\/strong> Compacto, port\u00e1til (dimensiones aproximadas: 19.15 x 11.9 x 10.4 cm)<\/li>\n<li><strong>Duraci\u00f3n de la bater\u00eda:<\/strong> Hasta 12 horas (dependiendo del volumen y uso)<\/li>\n<li><strong>Compatibilidad:<\/strong> Bluetooth, Wi-Fi, y dispositivos con salida auxiliar (con adaptador opcional)<\/li>\n<li><strong>Marca:<\/strong> Bose<\/li>\n<\/ul>\n<p><strong>Dimensiones<\/strong><\/p>\n<ul>\n<li><strong>Encendido\/apagado autom\u00e1tico:<\/strong> S\u00ed<\/li>\n<li><strong>Conectividad inal\u00e1mbrica:<\/strong> S\u00ed (Bluetooth y Wi-Fi)<\/li>\n<li><strong>Resistente al agua:<\/strong> S\u00ed, certificaci\u00f3n IPX4 (resistente a salpicaduras)<\/li>\n<li><strong>Control desde tel\u00e9fono\/tableta:<\/strong> S\u00ed (compatible con la aplicaci\u00f3n Bose Music)<\/li>\n<li><strong>Funciones soportadas:<\/strong> Reproducci\u00f3n de m\u00fasica, emparejamiento de m\u00faltiples dispositivos, asistentes virtuales (Google Assistant, Alexa)<\/li>\n<li><strong>Peso:<\/strong> Aproximadamente 1.06 kg<\/li>\n<\/ul>\n<p><strong>Especificaciones t\u00e9cnicas<\/strong><\/p>\n<ul>\n<li><strong>Sistema de sonido:<\/strong> Altavoz con radiadores pasivos duales para graves profundos<\/li>\n<li><strong>Tecnolog\u00eda:<\/strong> Transmisi\u00f3n inal\u00e1mbrica y control por voz<\/li>\n<li><strong>Entradas:<\/strong> USB-C para carga, Bluetooth<\/li>\n<li><strong>Tiempo de carga:<\/strong> Aproximadamente 4 horas para carga completa<\/li>\n<li><strong>Compatibilidad de asistente de voz:<\/strong> Alexa y Google Assistant integrados<\/li>\n<li><strong>Sistema multiroom:<\/strong> Compatible con otros altavoces Bose a trav\u00e9s de Wi-Fi<\/li>\n<\/ul>\n<p>&nbsp;<\/p>\n","protected":false},"excerpt":{"rendered":"<p>Serie: Portable Speaker<br \/>\nModelo: Bose Portable Speaker<br \/>\nResoluci\u00f3n m\u00e1xima de audio: Alta calidad, con graves profundos y sonido 360\u00b0<\/p>\n","protected":false},"featured_media":5099,"template":"","meta":[],"product_brand":[],"product_cat":[90],"product_tag":[],"class_list":{"0":"post-4224","1":"product","2":"type-product","3":"status-publish","4":"has-post-thumbnail","6":"product_cat-sistemas-de-sonido","8":"first","9":"instock","10":"sale","11":"taxable","12":"shipping-taxable","13":"purchasable","14":"product-type-simple"},"_links":{"self":[{"href":"https:\/\/reparairecicla.es\/tienda\/wp-json\/wp\/v2\/product\/4224","targetHints":{"allow":["GET"]}}],"collection":[{"href":"https:\/\/reparairecicla.es\/tienda\/wp-json\/wp\/v2\/product"}],"about":[{"href":"https:\/\/reparairecicla.es\/tienda\/wp-json\/wp\/v2\/types\/product"}],"wp:featuredmedia":[{"embeddable":true,"href":"https:\/\/reparairecicla.es\/tienda\/wp-json\/wp\/v2\/media\/5099"}],"wp:attachment":[{"href":"https:\/\/reparairecicla.es\/tienda\/wp-json\/wp\/v2\/media?parent=4224"}],"wp:term":[{"taxonomy":"product_brand","embeddable":true,"href":"https:\/\/reparairecicla.es\/tienda\/wp-json\/wp\/v2\/product_brand?post=4224"},{"taxonomy":"product_cat","embeddable":true,"href":"https:\/\/reparairecicla.es\/tienda\/wp-json\/wp\/v2\/product_cat?post=4224"},{"taxonomy":"product_tag","embeddable":true,"href":"https:\/\/reparairecicla.es\/tienda\/wp-json\/wp\/v2\/product_tag?post=4224"}],"curies":[{"name":"wp","href":"https:\/\/api.w.org\/{rel}","templated":true}]}}