{"id":4226,"date":"2023-10-22T06:56:42","date_gmt":"2023-10-22T06:56:42","guid":{"rendered":"https:\/\/electio.ecom.themepreview.xyz\/home-three\/?post_type=product&#038;p=4226"},"modified":"2024-12-07T09:34:26","modified_gmt":"2024-12-07T09:34:26","slug":"google-home","status":"publish","type":"product","link":"https:\/\/reparairecicla.es\/tienda\/producto\/google-home\/","title":{"rendered":"Google Home"},"content":{"rendered":"<p><strong>Informaci\u00f3n<\/strong><\/p>\n<ul>\n<li><strong>Serie:<\/strong> Home<\/li>\n<li><strong>Modelo:<\/strong> Google Home<\/li>\n<li><strong>Resoluci\u00f3n m\u00e1xima de audio:<\/strong> N\/A<\/li>\n<li><strong>Tama\u00f1o m\u00e1ximo de dispositivo:<\/strong> Compacto, cil\u00edndrico<\/li>\n<li><strong>Velocidad de respuesta:<\/strong> Instant\u00e1nea (dependiendo de la conexi\u00f3n a internet)<\/li>\n<li><strong>Compatibilidad mensual de tareas:<\/strong> Ilimitada (basado en uso)<\/li>\n<li><strong>Marca:<\/strong> Google<\/li>\n<\/ul>\n<p><strong>Dimensiones<\/strong><\/p>\n<ul>\n<li><strong>Encendido\/apagado autom\u00e1tico:<\/strong> S\u00ed<\/li>\n<li><strong>Conectividad inal\u00e1mbrica:<\/strong> S\u00ed, Wi-Fi y Bluetooth<\/li>\n<li><strong>Control sin bordes:<\/strong> N\/A<\/li>\n<li><strong>Control de m\u00faltiples dispositivos:<\/strong> S\u00ed<\/li>\n<li><strong>Control desde tel\u00e9fono\/tableta:<\/strong> S\u00ed (a trav\u00e9s de Google Home app)<\/li>\n<li><strong>Funciones soportadas:<\/strong> Asistente virtual, control de dispositivos inteligentes, reproducci\u00f3n de m\u00fasica, respuestas a preguntas, recordatorios, entre otros<\/li>\n<li><strong>Capacidad de usuarios simult\u00e1neos:<\/strong> Hasta 6 cuentas de Google reconocidas por voz<\/li>\n<\/ul>\n<p><strong>Especificaciones t\u00e9cnicas<\/strong><\/p>\n<ul>\n<li><strong>Sistema de reconocimiento:<\/strong> Procesamiento de voz Google AI<\/li>\n<li><strong>Tipo de dispositivo:<\/strong> Asistente inteligente<\/li>\n<li><strong>Tecnolog\u00eda:<\/strong> IA y conectividad en la nube<\/li>\n<li><strong>Sistema de sonido:<\/strong> Altavoces de rango completo con micr\u00f3fonos de alta sensibilidad<\/li>\n<\/ul>\n","protected":false},"excerpt":{"rendered":"<p>Serie: Home<br \/>\nModelo: Google Home<br \/>\nResoluci\u00f3n m\u00e1xima de audio: N\/A<br \/>\nTama\u00f1o m\u00e1ximo de dispositivo: Compacto, cil\u00edndrico<\/p>\n","protected":false},"featured_media":5087,"template":"","meta":[],"product_brand":[],"product_cat":[90],"product_tag":[],"class_list":{"0":"post-4226","1":"product","2":"type-product","3":"status-publish","4":"has-post-thumbnail","6":"product_cat-sistemas-de-sonido","8":"first","9":"instock","10":"taxable","11":"shipping-taxable","12":"purchasable","13":"product-type-simple"},"_links":{"self":[{"href":"https:\/\/reparairecicla.es\/tienda\/wp-json\/wp\/v2\/product\/4226","targetHints":{"allow":["GET"]}}],"collection":[{"href":"https:\/\/reparairecicla.es\/tienda\/wp-json\/wp\/v2\/product"}],"about":[{"href":"https:\/\/reparairecicla.es\/tienda\/wp-json\/wp\/v2\/types\/product"}],"wp:featuredmedia":[{"embeddable":true,"href":"https:\/\/reparairecicla.es\/tienda\/wp-json\/wp\/v2\/media\/5087"}],"wp:attachment":[{"href":"https:\/\/reparairecicla.es\/tienda\/wp-json\/wp\/v2\/media?parent=4226"}],"wp:term":[{"taxonomy":"product_brand","embeddable":true,"href":"https:\/\/reparairecicla.es\/tienda\/wp-json\/wp\/v2\/product_brand?post=4226"},{"taxonomy":"product_cat","embeddable":true,"href":"https:\/\/reparairecicla.es\/tienda\/wp-json\/wp\/v2\/product_cat?post=4226"},{"taxonomy":"product_tag","embeddable":true,"href":"https:\/\/reparairecicla.es\/tienda\/wp-json\/wp\/v2\/product_tag?post=4226"}],"curies":[{"name":"wp","href":"https:\/\/api.w.org\/{rel}","templated":true}]}}